{"id":39456,"date":"2021-04-28T11:47:29","date_gmt":"2021-04-28T10:47:29","guid":{"rendered":"https:\/\/schloss-kummerow.de\/exhibitions-and-photographic-collection\/exhibition-flachland-by-ulrich-wuest-2019\/"},"modified":"2021-04-28T11:48:02","modified_gmt":"2021-04-28T10:48:02","slug":"exhibition-flachland-by-ulrich-wuest-2019","status":"publish","type":"page","link":"https:\/\/schloss-kummerow.de\/en\/exhibitions-and-photographic-collection\/exhibition-flachland-by-ulrich-wuest-2019\/","title":{"rendered":"Exhibition Flachland by Ulrich W\u00fcst 2019"},"content":{"rendered":"<section class=\"wpb-content-wrapper\"><p>[vc_row full_width=&#8221;stretch_row&#8221; equal_height=&#8221;yes&#8221; content_placement=&#8221;middle&#8221; css=&#8221;.vc_custom_1549036578759{margin-top: 40px !important;background-position: center !important;background-repeat: no-repeat !important;background-size: cover !important;}&#8221;][vc_column width=&#8221;1\/2&#8243; css=&#8221;.vc_custom_1549036768256{margin-top: 0px !important;padding-top: 0px !important;}&#8221;][vc_column_text]<\/p>\n<h1>Exhibition flat land<br \/>\nby Ulrich W\u00fcst<\/h1>\n<p><em>Photographs <\/em>[\/vc_column_text][\/vc_column][vc_column width=&#8221;1\/2&#8243; css=&#8221;.vc_custom_1549036688302{margin-top: 0px !important;margin-bottom: 0px !important;padding-top: 0px !important;padding-bottom: 0px !important;}&#8221;][vc_images_carousel images=&#8221;38759,38760,38761,38753&#8243; img_size=&#8221;900&#215;600&#8243; onclick=&#8221;link_no&#8221; autoplay=&#8221;yes&#8221; css_animation=&#8221;zoomIn&#8221;][\/vc_column][\/vc_row][vc_row css=&#8221;.vc_custom_1549036493800{padding-top: 20px !important;}&#8221;][vc_column offset=&#8221;vc_hidden-md vc_hidden-sm vc_hidden-xs&#8221; css=&#8221;.vc_custom_1549036506802{padding-top: 0px !important;}&#8221;][vc_separator color=&#8221;custom&#8221; accent_color=&#8221;#d6d6d6&#8243;][\/vc_column][\/vc_row][vc_row gap=&#8221;25&#8243;][vc_column width=&#8221;2\/3&#8243;][vc_column_text]<\/p>\n<h2>Exhibition by Ulrich W\u00fcst<\/h2>\n<p>Ulrich W\u00fcst lives in Berlin and Mecklenburg. He moves to the country in May and back to the city in autumn, and has done so regularly and uncompromisingly for many years. This has clear consequences for his work, because in addition to the series of urban spaces and their peripheries that have been created since the 1970s, there has been an increasing focus on the rural environment, including almost microscopic examinations of the closest surroundings of the house and garden.<\/p>\n<p>The exhibition<em> flat land<\/em> by Ulrich W\u00fcst in the<em> Photography collection &#8211; Schloss Kummerow<\/em> presents two groups of works that have been created in recent years in the Uckermark and Mecklenburg. The small format Leporello comprising 77 photographs<em> Flatland (2013\/2017)<\/em> stands for the fifty black and white photographs in the series <em>Village. The municipality of Nordwestuckermark (2014-2018)<\/em> across from. The works tell of the past life worlds of the GDR as well as of structural, structural and ideological changes after the reunification.<\/p>\n<p>It was the house in Sch\u00f6nhof where W\u00fcst found the yellowed regional daily newspapers from the seventies, which, as in earlier works, made him an archaeologist. Like found objects from an excavation, he releases the propagandistic headings in order to then place them in a different context in a new sequence of images in a leporello with the images, which are often trimmed to abstraction.<em> Flatland (2013\/2017)<\/em> cleverly and playfully exposes the blatant gap between political will and lived reality. It seems absurd what was everyday life back then.<\/p>\n<p><em>Village. The municipality of Nordwestuckermark (2014-2018)<\/em> was also created in a manageable radius. The community, which W\u00fcst mainly accessed by bike, comprises around 30 villages and residential areas with almost 5,000 inhabitants. The often idealized country is not quite as idyllic as the city dweller dreams of it: here the relics of the agricultural production facilities and farm workers&#8217; houses or the prefabricated house built with cheap interest, there the applications of a do-it-yourself modernist hardware store and a nature, in which wind turbines and high-voltage lines are not missing. With a cool look, free of romanticizations, W\u00fcst reveals the difficult relationship between projection and the current state.<\/p>\n<p>The passage of time has inscribed itself in the landscapes and their inhabitants, changed and shaped them. Making the theme of time visible, inherent in photography, is also a declared connecting link between the works of<em> Photography collection &#8211; Schloss Kummerow.<\/em><\/p>\n<h2>Ulrich W\u00fcst&#8217;s biography<\/h2>\n<p><strong>1949<\/strong> | born in Magdeburg<br \/>\n<strong>1967-72<\/strong> | Studied at the University of Architecture and Construction, Weimar<br \/>\nDiploma as an urban planner<br \/>\n<strong>1972<\/strong> | Move to East Berlin<br \/>\n<strong>1972-1983<\/strong> | Work as a city planner and photo editor<br \/>\n<strong>Since 1984<\/strong> | works as a photographer &#8211; lives in Berlin and Sch\u00f6nhof, Mecklenburg<\/p>\n<h2>Selection of individual (E) and group exhibitions (G)<\/h2>\n<p><strong>2019<\/strong> | Museum Villa Stuck, Munich (G): \u00bbFrom afar. Pictures of the GDR \u00ab|<br \/>\nLes Rencontres d\u00b4Arles (G): \u00bbCorps impatients \/ Restless Bodies. East-German Photography 1980-89 &#8221;<br \/>\n<strong>2018<\/strong> | The Haupt Collection in the Reinbeckhallen, Berlin (G): &#8220;Money-Wahn-Sinn&#8221;<br \/>\n<strong>2017<\/strong> | documenta 14, Kassel and Athens (G); Christopher Grimes Gallery, Santa Monica, California, (E)<br \/>\n<strong>2016<\/strong> | Chrysler Museum of Art, Norfolk, Virginia, (E): \u201cPublic and Private: East Germany in Photographs by<br \/>\nUlrich W\u00fcst. \u00ab| C \/ O Berlin, Amerika Haus, Berlin (E): \u00bbCityscapes \/ Late Summer \/ Outskirts\u00ab<br \/>\n<strong>2015<\/strong> | MIT Museum, Cambridge, Massachusetts (E): Public and Private: East Germany in Photographs by<br \/>\nUlrich W\u00fcst. &#8221;<br \/>\n<strong>2014<\/strong> | Loock Galerie, Berlin, 6th European Month of Photography (E): \u00bbTransitions\u00ab<br \/>\n<strong>2013<\/strong> | Fotomuseum Winterthur (G): &#8220;Concrete &#8211; Photography and Architecture&#8221;<br \/>\n<strong>2012<\/strong> | Berlinische Galerie (G): \u00bbClosed Society, Artistic Photography in the GDR 1949-1989\u00ab<br \/>\n<strong>2009<\/strong> | Leonhardi Museum, Dresden (E): \u00bbUlrich W\u00fcst\u00ab<br \/>\n<strong>2009<\/strong> | Los Angeles County Museum of Art (G): Art of Two Germanys | Cold War Cultures &#8221;<br \/>\n<strong>2004<\/strong> | Haus am Waldsee, Berlin (G): \u00bbWriting Images Thinking. Walter Benjamin and contemporary art &#8221;<\/p>\n<p>&#8212;<\/p>\n<p><strong>Author:<\/strong> Katia Reich, art historian and director of Galerie Loock Berlin[\/vc_column_text][\/vc_column][vc_column width=&#8221;1\/3&#8243;][vc_column_text css=&#8221;.vc_custom_1550500632672{border-left-width: 1px !important;padding-left: 20px !important;border-left-color: #d6d6d6 !important;border-left-style: solid !important;}&#8221;]<\/p>\n<h2>The special exhibition<\/h2>\n<p><strong>Period of the exhibition<\/strong><br \/>\n21 June &#8211; 25 August 2019<\/p>\n<p><strong>Entry to special exhibition:<\/strong> 7.50 EUR p. P. *<br \/>\n<strong>Groups (from 20 adults):<\/strong> 6.00 EUR p. P. *<br \/>\n<strong>Annual pass:<\/strong> 50.00 EUR p. P. *<\/p>\n<p><em>* Incl. Entry to the photographic collection<\/em><\/p>\n<p><a class=\"rouge\" href=\"https:\/\/schloss-kummerow.de\/en\/exhibitions-and-photographic-collection\/\">|| Further exhibitions<\/a>[\/vc_column_text][\/vc_column][\/vc_row][vc_row full_width=&#8221;stretch_row&#8221; css_animation=&#8221;fadeInUp&#8221; css=&#8221;.vc_custom_1550495466553{background-color: #e7e7e7 !important;}&#8221;][vc_column][vc_row_inner gap=&#8221;25&#8243;][vc_column_inner width=&#8221;2\/3&#8243;][vc_column_text css=&#8221;.vc_custom_1550495853426{margin-bottom: 15px !important;}&#8221;]<\/p>\n<h3>Plan your journey to the exhibition!<\/h3>\n<p>[\/vc_column_text][vc_column_text]<iframe loading=\"lazy\" class=\"map\" style=\"border: 0;\" src=\"https:\/\/www.google.com\/maps\/embed?pb=!1m14!1m8!1m3!1d1179.0430652483813!2d12.830847715908675!3d53.77015400869837!3m2!1i1024!2i768!4f13.1!3m3!1m2!1s0x0%3A0xa96bcd0b4100575!2sSchloss+Kummerow!5e0!3m2!1sen!2sde!4v1536157530891\" width=\"2800\" height=\"350\" frameborder=\"0\" allowfullscreen=\"allowfullscreen\"><\/iframe>[\/vc_column_text][\/vc_column_inner][vc_column_inner width=&#8221;1\/3&#8243;][vc_column_text]<\/p>\n<h3>Place of issue<\/h3>\n<p><strong>Schloss Kummerow<\/strong><br \/>\nDorstrasse 114<\/p>\n<p>17139 Kummerow<br \/>\nMecklenburg-Western Pomerania[\/vc_column_text][vc_column_text]<\/p>\n<h3>Contact \/ inquiries<\/h3>\n<p><a href=\"tel:+49%20(0)%2039952%20235%20180\">+49 (0) 39952 235 180<\/a><br \/>\n<a href=\"mailto:post@schloss-kummerow.de\">post@schloss-kummerow.de<\/a>[\/vc_column_text][\/vc_column_inner][\/vc_row_inner][\/vc_column][\/vc_row][vc_row][vc_column][\/vc_column][\/vc_row]<\/p>\n<\/section>","protected":false},"excerpt":{"rendered":"Exhibition flat land by Ulrich W\u00fcst Photographs Exhibition by Ulrich W\u00fcst Ulrich W\u00fcst lives in Berlin and Mecklenburg. He moves to the country in May and<span class=\"excerpt-hellip\"> [\u2026]<\/span>","protected":false},"author":7,"featured_media":0,"parent":38789,"menu_order":0,"comment_status":"closed","ping_status":"closed","template":"","meta":{"footnotes":""},"class_list":["post-39456","page","type-page","status-publish","hentry"],"_links":{"self":[{"href":"https:\/\/schloss-kummerow.de\/en\/wp-json\/wp\/v2\/pages\/39456","targetHints":{"allow":["GET"]}}],"collection":[{"href":"https:\/\/schloss-kummerow.de\/en\/wp-json\/wp\/v2\/pages"}],"about":[{"href":"https:\/\/schloss-kummerow.de\/en\/wp-json\/wp\/v2\/types\/page"}],"author":[{"embeddable":true,"href":"https:\/\/schloss-kummerow.de\/en\/wp-json\/wp\/v2\/users\/7"}],"replies":[{"embeddable":true,"href":"https:\/\/schloss-kummerow.de\/en\/wp-json\/wp\/v2\/comments?post=39456"}],"version-history":[{"count":6,"href":"https:\/\/schloss-kummerow.de\/en\/wp-json\/wp\/v2\/pages\/39456\/revisions"}],"predecessor-version":[{"id":39476,"href":"https:\/\/schloss-kummerow.de\/en\/wp-json\/wp\/v2\/pages\/39456\/revisions\/39476"}],"up":[{"embeddable":true,"href":"https:\/\/schloss-kummerow.de\/en\/wp-json\/wp\/v2\/pages\/38789"}],"wp:attachment":[{"href":"https:\/\/schloss-kummerow.de\/en\/wp-json\/wp\/v2\/media?parent=39456"}],"curies":[{"name":"wp","href":"https:\/\/api.w.org\/{rel}","templated":true}]}}