{"id":39205,"date":"2020-03-12T17:33:21","date_gmt":"2020-03-12T16:33:21","guid":{"rendered":"https:\/\/schloss-kummerow.de\/exhibitions-and-photographic-collection\/collection-presentation-photographic-collection-schloss-kummerow\/"},"modified":"2024-03-21T13:24:22","modified_gmt":"2024-03-21T12:24:22","slug":"collection-presentation-photographic-collection-schloss-kummerow","status":"publish","type":"page","link":"https:\/\/schloss-kummerow.de\/en\/exhibitions-and-photographic-collection\/collection-presentation-photographic-collection-schloss-kummerow\/","title":{"rendered":"Collection presentation Photographic collection Schloss Kummerow"},"content":{"rendered":"<section class=\"wpb-content-wrapper\"><p>[vc_row full_width=&#8221;stretch_row_content&#8221; content_placement=&#8221;middle&#8221;][vc_column css=&#8221;.vc_custom_1648040865648{background-image: url(https:\/\/schloss-kummerow.de\/wp-content\/uploads\/2020\/03\/sammlungspraesentation-o-2.jpg?id=39093) !important;background-position: center !important;background-repeat: no-repeat !important;background-size: cover !important;}&#8221;][vc_column_text css=&#8221;.vc_custom_1648040874186{padding-top: 287px !important;padding-bottom: 75px !important;}&#8221;]<\/p>\n<h1 class=\"wc\">Photography collection<br \/>\nPresentation of the collection<\/h1>\n<p>[\/vc_column_text][\/vc_column][\/vc_row][vc_row][vc_column css=&#8221;.vc_custom_1583937898232{padding-top: 80px !important;}&#8221;][vc_column_text]<\/p>\n<h2 class=\"sc\">Impressions of the collection presentation<\/h2>\n<p>[\/vc_column_text][vc_row_inner css=&#8221;.vc_custom_1583938202687{margin-bottom: 0px !important;}&#8221;][vc_column_inner width=&#8221;1\/3&#8243;][vc_single_image image=&#8221;38923&#8243; img_size=&#8221;full&#8221; alignment=&#8221;center&#8221; onclick=&#8221;zoom&#8221; css=&#8221;.vc_custom_1583938124124{margin-bottom: 0px !important;}&#8221;][\/vc_column_inner][vc_column_inner width=&#8221;1\/3&#8243;][vc_single_image image=&#8221;39092&#8243; img_size=&#8221;full&#8221; alignment=&#8221;center&#8221; onclick=&#8221;zoom&#8221; css=&#8221;.vc_custom_1584015083676{margin-bottom: 0px !important;}&#8221;][\/vc_column_inner][vc_column_inner width=&#8221;1\/3&#8243;][vc_single_image image=&#8221;39090&#8243; img_size=&#8221;full&#8221; alignment=&#8221;center&#8221; onclick=&#8221;zoom&#8221; css=&#8221;.vc_custom_1584015095024{margin-bottom: 0px !important;}&#8221;][\/vc_column_inner][\/vc_row_inner][vc_row_inner][vc_column_inner width=&#8221;1\/3&#8243;][vc_single_image image=&#8221;38925&#8243; img_size=&#8221;full&#8221; alignment=&#8221;center&#8221; onclick=&#8221;zoom&#8221;][\/vc_column_inner][vc_column_inner width=&#8221;1\/3&#8243;][vc_single_image image=&#8221;38927&#8243; img_size=&#8221;full&#8221; alignment=&#8221;center&#8221; onclick=&#8221;zoom&#8221;][\/vc_column_inner][vc_column_inner width=&#8221;1\/3&#8243;][vc_single_image image=&#8221;38929&#8243; img_size=&#8221;full&#8221; alignment=&#8221;center&#8221; onclick=&#8221;zoom&#8221;][\/vc_column_inner][\/vc_row_inner][\/vc_column][\/vc_row][vc_row][vc_column][vc_column_text]<\/p>\n<h2 class=\"sc\">About the permanent presentation of the collection<\/h2>\n<p>[\/vc_column_text][vc_row_inner][vc_column_inner width=&#8221;1\/2&#8243;][vc_column_text]The Photographic Collection &#8211; Schloss Kummerow focuses on contemporary works created since the turn of the millennium, including important works by Thomas Demand, Steve McCurry, Andreas M\u00fche, Wolfgang Tillmans and Sebasti\u00e3o Salgado. Since the 1990s, however, historical vintage prints from the period after 1945 have been the foundation of the collection. The photographs of renowned representatives of Eastern photography, which document past and subsequent life worlds of people in the territory of the former GDR, are also an important part of the collection.[\/vc_column_text][\/vc_column_inner][vc_column_inner width=&#8221;1\/2&#8243;][vc_column_text]What is striking is the density of large-format works, which can unfold their visual power in the baroque spaces and build on their once much-vaunted furnishings with tapestry. Thus, Because the Night (2012) by Richard Mosse with its more than five meters, Michael Wesely&#8217;s six-metre water lily painting (Seerosen von Giverny, 24.06.2014, 8:55 to 21:00, 2014), Werner Mahler&#8217;s extensive chronology of a high school class since 1977 (Abiturienten, 1977\/78-2015) and Wolfgang Tillman&#8217;s Freischwimmer (2006) the cornerstones of the exhibition.[\/vc_column_text][\/vc_column_inner][\/vc_row_inner][\/vc_column][\/vc_row][vc_row][vc_column][vc_column_text]<\/p>\n<h2 class=\"sc\">Selection of the in the collection<br \/>\nrepresented artists<\/h2>\n<p>[\/vc_column_text][vc_row_inner][vc_column_inner width=&#8221;1\/2&#8243;][vc_column_text]Marina Abramovic, Nobuyoshi Araki, Thomas Bangsted, Fiona Banner, Vanessa Beecroft, Sibylle Bergemann, Ilse Bing, Viktoria Binschtok, Christian Borchert, Thorsten Brinkmann, Daniele Buetti, Winfried Bullinger, Harry Callahan, Evgeni Chaldej, Martin Dammann, Thomas Demand, Arno Fischer, Maike Freess, Charles Fr\u00e9ger, Lee Friedlander, Andrea Galvani, Hein Gorny, Andreas Gursky, Harald Hauswald, Candida H\u00f6fer, Sabine Hornig, Teresa Hubbard\/Alexander Birchler, Arno Jansen, Edmund Kesting, William Klein List, Niko Luoma, Ute Mahler, Werner Mahler, Charlotte March, Will McBride, Steve McCurry, Simon Menner, Richard Mosse,[\/vc_column_text][\/vc_column_inner][vc_column_inner width=&#8221;1\/2&#8243;][vc_column_text]Andreas M\u00fche, Oskar Nerlinger, Shirin Neshat, Helmut Newton, Tatsumi Orimoto, Helga Paris, Richard Peter sen., Hans Praefke, Jorma Puranen, Lukas Pusch, Bettina Rheims, Evelyn Richter, Jens R\u00f6tzsch, Thomas Ruff, Sebastio Salgado, Adrian Sauer, SCHAUM, Max Scheler, Martin Schoeller, Sarah Sch\u00f6nfeld, Erasmus Schr\u00f6ter, Gundula Schulze Eldowy, Andres Serrano, Laurie Simmons, Marleen Sleeuwits, Doug &amp; Mike Starn, Otto Steinert, Beat Streuli, Christer Str\u00f6mholm, Jock Sturges, Hiroshi Sugimoto, Miroslav Tich Messmer, Wolfgang Tillmans, Michail Trachman, Ulay, Andre van Uehm, Brigitte Waldach, Michael Wesely, Siegfried Wittenburg, Ulrich W\u00fcst, Miwa Yanagi[\/vc_column_text][\/vc_column_inner][\/vc_row_inner][\/vc_column][\/vc_row][vc_row full_width=&#8221;stretch_row_content_no_spaces&#8221;][vc_column width=&#8221;1\/2&#8243; css=&#8221;.vc_custom_1583940936180{padding-top: 300px !important;padding-bottom: 300px !important;background-image: url(https:\/\/schloss-kummerow.de\/wp-content\/uploads\/2020\/03\/sammlungspraesentation-u-3.jpg?id=38968) !important;background-position: center !important;background-repeat: no-repeat !important;background-size: cover !important;}&#8221;][\/vc_column][vc_column width=&#8221;1\/2&#8243; css=&#8221;.vc_custom_1583941013309{padding-top: 300px !important;padding-bottom: 300px !important;background-image: url(https:\/\/schloss-kummerow.de\/wp-content\/uploads\/2020\/03\/sammlungspraesentation-u-4.jpg?id=38970) !important;background-position: center !important;background-repeat: no-repeat !important;background-size: cover !important;}&#8221;][\/vc_column][\/vc_row][vc_row full_width=&#8221;stretch_row_content_no_spaces&#8221;][vc_column width=&#8221;1\/2&#8243; css=&#8221;.vc_custom_1583940964450{padding-top: 300px !important;padding-bottom: 300px !important;background-image: url(https:\/\/schloss-kummerow.de\/wp-content\/uploads\/2020\/03\/sammlungspraesentation-u-2.jpg?id=38966) !important;background-position: center !important;background-repeat: no-repeat !important;background-size: cover !important;}&#8221;][\/vc_column][vc_column width=&#8221;1\/2&#8243; css=&#8221;.vc_custom_1583940980783{padding-top: 300px !important;padding-bottom: 300px !important;background-image: url(https:\/\/schloss-kummerow.de\/wp-content\/uploads\/2020\/03\/sammlungspraesentation-u-1.jpg?id=38972) !important;background-position: center !important;background-repeat: no-repeat !important;background-size: cover !important;}&#8221;][\/vc_column][\/vc_row]<\/p>\n<\/section>","protected":false},"excerpt":{"rendered":"<p>[vc_row full_width=&#8221;stretch_row_content&#8221; content_placement=&#8221;middle&#8221;][vc_column css=&#8221;.vc_custom_1648040865648{background-image: url(https:\/\/schloss-kummerow.de\/wp-content\/uploads\/2020\/03\/sammlungspraesentation-o-2.jpg?id=39093) !important;background-position: center !important;background-repeat: no-repeat !important;background-size: cover !important;}&#8221;][vc_column_text css=&#8221;.vc_custom_1648040874186{padding-top: 287px !important;padding-bottom: 75px !important;}&#8221;] Photography collection Presentation of the collection [\/vc_column_text][\/vc_column][\/vc_row][vc_row][vc_column css=&#8221;.vc_custom_1583937898232{padding-top: 80px<span class=\"excerpt-hellip\"> [\u2026]<\/span><\/p>\n","protected":false},"author":7,"featured_media":0,"parent":38789,"menu_order":0,"comment_status":"closed","ping_status":"closed","template":"","meta":{"footnotes":""},"class_list":["post-39205","page","type-page","status-publish","hentry"],"_links":{"self":[{"href":"https:\/\/schloss-kummerow.de\/en\/wp-json\/wp\/v2\/pages\/39205","targetHints":{"allow":["GET"]}}],"collection":[{"href":"https:\/\/schloss-kummerow.de\/en\/wp-json\/wp\/v2\/pages"}],"about":[{"href":"https:\/\/schloss-kummerow.de\/en\/wp-json\/wp\/v2\/types\/page"}],"author":[{"embeddable":true,"href":"https:\/\/schloss-kummerow.de\/en\/wp-json\/wp\/v2\/users\/7"}],"replies":[{"embeddable":true,"href":"https:\/\/schloss-kummerow.de\/en\/wp-json\/wp\/v2\/comments?post=39205"}],"version-history":[{"count":22,"href":"https:\/\/schloss-kummerow.de\/en\/wp-json\/wp\/v2\/pages\/39205\/revisions"}],"predecessor-version":[{"id":40774,"href":"https:\/\/schloss-kummerow.de\/en\/wp-json\/wp\/v2\/pages\/39205\/revisions\/40774"}],"up":[{"embeddable":true,"href":"https:\/\/schloss-kummerow.de\/en\/wp-json\/wp\/v2\/pages\/38789"}],"wp:attachment":[{"href":"https:\/\/schloss-kummerow.de\/en\/wp-json\/wp\/v2\/media?parent=39205"}],"curies":[{"name":"wp","href":"https:\/\/api.w.org\/{rel}","templated":true}]}}